{"id":622,"date":"2020-03-15T18:14:52","date_gmt":"2020-03-15T18:14:52","guid":{"rendered":"https:\/\/www.tislog.community\/?page_id=622"},"modified":"2023-10-05T11:55:41","modified_gmt":"2023-10-05T11:55:41","slug":"ueber-uns","status":"publish","type":"page","link":"https:\/\/www.tislog.community\/de\/ueber-uns\/","title":{"rendered":"\u00dcber uns"},"content":{"rendered":"\n<h2>\n\t\t\u00dcber uns\n\t<\/h2>\n<h2>\n\t\tSpezialisiert auf Telematikl\u00f6sungen f\u00fcr mobiles Auftragsmanagement\n\t<\/h2>\n\t<p>Als Telematikanbieter konzentrierte sich die TIS GmbH von Anfang an darauf, Fachwissen, handfeste Branchenerfahrung und die Passion f\u00fcr wegweisende Technologien miteinander zu verkn\u00fcpfen. Eine Kombination, die \u00fcberzeugte: Das mittelst\u00e4ndische Familienunternehmen entwickelte sich zum Technologief\u00fchrer auf dem Gebiet der Funkkommunikation.<\/p>\n1985 von Josef Bielefeld als TIS Technische Informationssysteme GmbH gegr\u00fcndet, leitet seit 2016 Markus Vinke als Gesch\u00e4ftsf\u00fchrer die Geschicke des Unternehmens. Er kennt das Unternehmen und seine Kunden von der Pike auf: Vor gut 20 Jahren als Diplom-Ingenieur f\u00fcr Elektrotechnik bei der TIS gestartet, hatte er zun\u00e4chst Erfahrungen als Software-Entwickler und Projektleiter gemacht, \u00fcbernahm dann 2012 die Leitung der Software-Entwicklung &#8211; und schlie\u00dflich die Gesch\u00e4ftsf\u00fchrung.<br \/>\nSeit Juli 2023 teilen sich Markus Vinke und Fabian Bielefeld die Gesch\u00e4ftsf\u00fchrung. Fabian Bielefeld, Sohn des Unternehmensgr\u00fcnders, ist gelernter Speditionskaufmann und arbeitet schon seit 2010 bei der TIS GmbH. Dort durchlief er mehrere Abteilungen und ist nun Gesch\u00e4ftsf\u00fchrer sowie Vertriebsleiter.\n<p>Dass TIS als Familienunternehmen entstanden ist, ist tief in die DNA des mittelst\u00e4ndischen Innovationsf\u00fchrers hineingeschrieben: Die Atmosph\u00e4re im Betrieb ist famili\u00e4r, alle arbeiten zusammen am Erfolg der Kundenprojekte und stehen f\u00fcreinander ein.<\/p>\n<h3>\n\t\tInnovationskraft und ein starkes Team\n\t<\/h3>\n\t<p>Die Arbeit der rund 100 Mitarbeiter ist gepr\u00e4gt von der Begeisterung f\u00fcr Technik, dem Bewusstsein zu den Innovationsf\u00fchrern der Branche zu geh\u00f6ren &#8211; und dem Willen, f\u00fcr die t\u00e4gliche Herausforderungen der Kunden 100% praktikable und wirtschaftliche L\u00f6sungen zu finden. Jeder einzelne TISSI ist hervorragend ausgebildet, kennt die Branche aus dem \u201eeffeff&#8220;- und wei\u00df, welche spezifischen Herausforderungen das Arbeiten in der Logistik mit sich bringen. Das macht alle TIS-Produkte und L\u00f6sungen so alltagstauglich.<\/p>\n<h3>\n\t\tPioniergeist &#038; Weitblick\n\t<\/h3>\n\tWir sind echte Teamplayer: Innerhalb der Logistikbranche sind wir international vernetzt und pflegen aktive Partnerschaften zu namhaften Herstellern, um innovative Komplettl\u00f6sungen f\u00fcr unsere Kunden anbieten zu k\u00f6nnen. Gleichzeitig sorgen wir durch Kooperationen mit Hochschulen und dem Existenzgr\u00fcnderzentrum InnoCent f\u00fcr aktiven Wissenstransfer zwischen Wissenschaft und Praxis. Unsere Entwicklerteams setzen alles daran, innovative Telematikl\u00f6sungen neu- und weiterzudenken &#8211; und in Kundenprojekten erfolgreich zu realisieren. Dank einer immer gr\u00f6\u00dferen werdenden TISLOG-Community k\u00f6nnen wir dabei auf den Input ganz unterschiedlicher betrieblicher Szenarien zur\u00fcckgreifen, Trends schneller erkennen und in die Entwicklungsarbeit unserer Produkte aufnehmen.<br \/>\nUnsere Software ist aktuell in 60.000 aktiven Ger\u00e4ten (in Fahrzeugen) im Einsatz.\n\t\t\t<a href=\"https:\/\/www.tis-gmbh.de\/das-telematik-unternehmen\/\" target=\"_blank\" rel=\"noopener\" role=\"button\" aria-label=\"MEHR \u00dcBER DIE TIS GMBH\">\n\t\t\t\t\t\t\tMEHR \u00dcBER DIE TIS GMBH\n\t\t<\/a>\n\t<p>Haben Sie Fragen?<\/p>\n\t\t\t<a href=\"https:\/\/www.tislog.community\/de\/kontakt\/\" target=\"_self\" role=\"button\" aria-label=\"KONTAKTIEREN SIE UNS\" rel=\"noopener\">\n\t\t\t\t\t\t\tKONTAKTIEREN SIE UNS\n\t\t<\/a>\n\t<p>\u00a9Copyright Die TISLOG.Community ist Teil der <strong><a href=\"https:\/\/www.tis-gmbh.de\" target=\"_blank\" rel=\"noopener\">TIS GmbH<\/a>.<\/strong><\/p>\n\n","protected":false},"excerpt":{"rendered":"<p>\u00dcber uns Spezialisiert auf Telematikl\u00f6sungen f\u00fcr mobiles Auftragsmanagement Als Telematikanbieter konzentrierte sich die TIS GmbH von Anfang an darauf, Fachwissen, handfeste Branchenerfahrung und die Passion f\u00fcr wegweisende Technologien miteinander zu verkn\u00fcpfen. Eine Kombination, die \u00fcberzeugte: Das mittelst\u00e4ndische Familienunternehmen entwickelte sich zum Technologief\u00fchrer auf dem Gebiet der Funkkommunikation. 1985 von Josef Bielefeld als TIS Technische Informationssysteme&hellip;<\/p>\n","protected":false},"author":1,"featured_media":0,"parent":0,"menu_order":0,"comment_status":"closed","ping_status":"closed","template":"","meta":{"footnotes":""},"class_list":["post-622","page","type-page","status-publish","hentry"],"yoast_head":"<!-- This site is optimized with the Yoast SEO plugin v27.5 - https:\/\/yoast.com\/product\/yoast-seo-wordpress\/ -->\n<title>TISLOG Logistiksoftware | TISLOG Community | \u00dcber uns<\/title>\n<meta name=\"description\" content=\"Die TISLOG-Community ist die logische Folge der gesamten Arbeit der TIS GmbH und der Zusammenarbeit mit unseren Kunden. \u00dcber uns | TIS GmbH\" \/>\n<meta name=\"robots\" content=\"noindex, nofollow\" \/>\n<meta property=\"og:locale\" content=\"de_DE\" \/>\n<meta property=\"og:type\" content=\"article\" \/>\n<meta property=\"og:title\" content=\"TISLOG Logistiksoftware | TISLOG Community | \u00dcber uns\" \/>\n<meta property=\"og:description\" content=\"Die TISLOG-Community ist die logische Folge der gesamten Arbeit der TIS GmbH und der Zusammenarbeit mit unseren Kunden. \u00dcber uns | TIS GmbH\" \/>\n<meta property=\"og:url\" content=\"https:\/\/www.tislog.community\/de\/ueber-uns\/\" \/>\n<meta property=\"og:site_name\" content=\"TISLOG Community\" \/>\n<meta property=\"article:modified_time\" content=\"2023-10-05T11:55:41+00:00\" \/>\n<meta name=\"twitter:card\" content=\"summary_large_image\" \/>\n<meta name=\"twitter:label1\" content=\"Gesch\u00e4tzte Lesezeit\" \/>\n\t<meta name=\"twitter:data1\" content=\"2\u00a0Minuten\" \/>\n<script type=\"application\/ld+json\" class=\"yoast-schema-graph\">{\"@context\":\"https:\\\/\\\/schema.org\",\"@graph\":[{\"@type\":\"WebPage\",\"@id\":\"https:\\\/\\\/www.tislog.community\\\/de\\\/ueber-uns\\\/\",\"url\":\"https:\\\/\\\/www.tislog.community\\\/de\\\/ueber-uns\\\/\",\"name\":\"TISLOG Logistiksoftware | TISLOG Community | \u00dcber uns\",\"isPartOf\":{\"@id\":\"https:\\\/\\\/www.tislog.community\\\/#website\"},\"datePublished\":\"2020-03-15T18:14:52+00:00\",\"dateModified\":\"2023-10-05T11:55:41+00:00\",\"description\":\"Die TISLOG-Community ist die logische Folge der gesamten Arbeit der TIS GmbH und der Zusammenarbeit mit unseren Kunden. \u00dcber uns | TIS GmbH\",\"breadcrumb\":{\"@id\":\"https:\\\/\\\/www.tislog.community\\\/de\\\/ueber-uns\\\/#breadcrumb\"},\"inLanguage\":\"de\",\"potentialAction\":[{\"@type\":\"ReadAction\",\"target\":[\"https:\\\/\\\/www.tislog.community\\\/de\\\/ueber-uns\\\/\"]}]},{\"@type\":\"BreadcrumbList\",\"@id\":\"https:\\\/\\\/www.tislog.community\\\/de\\\/ueber-uns\\\/#breadcrumb\",\"itemListElement\":[{\"@type\":\"ListItem\",\"position\":1,\"name\":\"Home\",\"item\":\"https:\\\/\\\/www.tislog.community\\\/de\\\/\"},{\"@type\":\"ListItem\",\"position\":2,\"name\":\"\u00dcber uns\"}]},{\"@type\":\"WebSite\",\"@id\":\"https:\\\/\\\/www.tislog.community\\\/#website\",\"url\":\"https:\\\/\\\/www.tislog.community\\\/\",\"name\":\"TISLOG Community\",\"description\":\"Gemeinsam mehr erreichen\",\"potentialAction\":[{\"@type\":\"SearchAction\",\"target\":{\"@type\":\"EntryPoint\",\"urlTemplate\":\"https:\\\/\\\/www.tislog.community\\\/?s={search_term_string}\"},\"query-input\":{\"@type\":\"PropertyValueSpecification\",\"valueRequired\":true,\"valueName\":\"search_term_string\"}}],\"inLanguage\":\"de\"}]}<\/script>\n<!-- \/ Yoast SEO plugin. -->","yoast_head_json":{"title":"TISLOG Logistiksoftware | TISLOG Community | \u00dcber uns","description":"Die TISLOG-Community ist die logische Folge der gesamten Arbeit der TIS GmbH und der Zusammenarbeit mit unseren Kunden. \u00dcber uns | TIS GmbH","robots":{"index":"noindex","follow":"nofollow"},"og_locale":"de_DE","og_type":"article","og_title":"TISLOG Logistiksoftware | TISLOG Community | \u00dcber uns","og_description":"Die TISLOG-Community ist die logische Folge der gesamten Arbeit der TIS GmbH und der Zusammenarbeit mit unseren Kunden. \u00dcber uns | TIS GmbH","og_url":"https:\/\/www.tislog.community\/de\/ueber-uns\/","og_site_name":"TISLOG Community","article_modified_time":"2023-10-05T11:55:41+00:00","twitter_card":"summary_large_image","twitter_misc":{"Gesch\u00e4tzte Lesezeit":"2\u00a0Minuten"},"schema":{"@context":"https:\/\/schema.org","@graph":[{"@type":"WebPage","@id":"https:\/\/www.tislog.community\/de\/ueber-uns\/","url":"https:\/\/www.tislog.community\/de\/ueber-uns\/","name":"TISLOG Logistiksoftware | TISLOG Community | \u00dcber uns","isPartOf":{"@id":"https:\/\/www.tislog.community\/#website"},"datePublished":"2020-03-15T18:14:52+00:00","dateModified":"2023-10-05T11:55:41+00:00","description":"Die TISLOG-Community ist die logische Folge der gesamten Arbeit der TIS GmbH und der Zusammenarbeit mit unseren Kunden. \u00dcber uns | TIS GmbH","breadcrumb":{"@id":"https:\/\/www.tislog.community\/de\/ueber-uns\/#breadcrumb"},"inLanguage":"de","potentialAction":[{"@type":"ReadAction","target":["https:\/\/www.tislog.community\/de\/ueber-uns\/"]}]},{"@type":"BreadcrumbList","@id":"https:\/\/www.tislog.community\/de\/ueber-uns\/#breadcrumb","itemListElement":[{"@type":"ListItem","position":1,"name":"Home","item":"https:\/\/www.tislog.community\/de\/"},{"@type":"ListItem","position":2,"name":"\u00dcber uns"}]},{"@type":"WebSite","@id":"https:\/\/www.tislog.community\/#website","url":"https:\/\/www.tislog.community\/","name":"TISLOG Community","description":"Gemeinsam mehr erreichen","potentialAction":[{"@type":"SearchAction","target":{"@type":"EntryPoint","urlTemplate":"https:\/\/www.tislog.community\/?s={search_term_string}"},"query-input":{"@type":"PropertyValueSpecification","valueRequired":true,"valueName":"search_term_string"}}],"inLanguage":"de"}]}},"_links":{"self":[{"href":"https:\/\/www.tislog.community\/de\/wp-json\/wp\/v2\/pages\/622","targetHints":{"allow":["GET"]}}],"collection":[{"href":"https:\/\/www.tislog.community\/de\/wp-json\/wp\/v2\/pages"}],"about":[{"href":"https:\/\/www.tislog.community\/de\/wp-json\/wp\/v2\/types\/page"}],"author":[{"embeddable":true,"href":"https:\/\/www.tislog.community\/de\/wp-json\/wp\/v2\/users\/1"}],"replies":[{"embeddable":true,"href":"https:\/\/www.tislog.community\/de\/wp-json\/wp\/v2\/comments?post=622"}],"version-history":[{"count":7,"href":"https:\/\/www.tislog.community\/de\/wp-json\/wp\/v2\/pages\/622\/revisions"}],"predecessor-version":[{"id":713,"href":"https:\/\/www.tislog.community\/de\/wp-json\/wp\/v2\/pages\/622\/revisions\/713"}],"wp:attachment":[{"href":"https:\/\/www.tislog.community\/de\/wp-json\/wp\/v2\/media?parent=622"}],"curies":[{"name":"wp","href":"https:\/\/api.w.org\/{rel}","templated":true}]}}